{"id":4397,"date":"2025-09-24T15:06:48","date_gmt":"2025-09-24T13:06:48","guid":{"rendered":"https:\/\/www.funforest.nl\/buecher-gb-rotterdam-klettern\/"},"modified":"2025-12-10T11:36:25","modified_gmt":"2025-12-10T10:36:25","slug":"buecher-gb-rotterdam-klettern","status":"publish","type":"page","link":"https:\/\/www.funforest.nl\/de\/buecher-gb-rotterdam-klettern\/","title":{"rendered":"B\u00fccher GB Rotterdam Klettern"},"content":{"rendered":"\n<section id=\"\" class=\" bg-secondary-dark\" style=\"padding-top:var(--wp--preset--spacing--80); padding-bottom:var(--wp--preset--spacing--80); color: var(--wp--preset--color--font); \">\n\t<div class=\"container grid grid-cols-12 gap-y-6 md:gap-y-10 gap-x-6 text-white [&amp;_span]:text-secondary-dark [&amp;_span]:stroke-color-white\">\n\t\t\t\t\t\t\t\t\t<div class=\"content content--small   \">\n                          <div class=\"!text-inherit content--wysiwyg\">\n    <h1>Gruppe Klettern Rotterdam<\/h1>\n<p>Buchen Sie Ihr Kletterabenteuer am Rande des Kralingse Plas hier!<\/p>\n\n            <section\n                class=\"bookprocess\" \n                data-id=\"175\" \n                data-url=\"https:\/\/funforest.recras.nl\"\n                \n            ><\/section>\n        \n\n  <\/div>\n    <\/div>\n\t\t\t\t\t\t<\/div>\n<\/section>\n<section class=\"overflow-hidden md:w-full [&#038;_svg]:w-[768px] [&#038;_svg]:md:w-full -mt-[1px] [&amp;_path]:fill-secondary-dark scale-y-100 mt-[-1px] Waage-x-100\">\n\t<svg viewbox=\"0 0 1440 75\" xmlns=\"http:\/\/www.w3.org\/2000\/svg\">\n\t<path d=\"M1434.5 65.3392L1430.49 60.6803C1430.49 60.6803 1420.49 56.0224 1410.48 56.0224C1400.47 56.0224 1385.46 56.6052 1381.46 56.6052C1377.46 56.6052 1370.45 57.188 1362.45 57.188C1354.44 57.188 1365.45 61.2642 1365.45 61.2642L1378.46 61.8459L1434.5 65.3392ZM1440 0.000244148L1440 68.8316L1341.43 64.1737L1276.24 67.3038C1276.24 67.3038 1205.96 62.1942 1181.32 68.8315C1156.68 75.4699 1062.13 68.8315 1062.13 68.8315L1033.22 74.5004L952.163 66.5025L865.101 68.8315C865.101 68.8315 833.791 63.0869 820.071 66.5025C806.351 69.9192 790.155 68.6833 777.04 66.5025C742.016 60.6802 684.977 71.1615 684.977 71.1615C684.977 71.1615 647.348 71.1444 571.899 69.9959L579.226 66.6144L607.071 65.3156C607.071 65.3156 594.328 58.152 556.962 61.6326C533.179 63.8476 513.302 66.9094 501.985 68.8452C459.166 68.1303 423.185 67.3153 413.789 66.5024C386.912 64.1724 342.465 79.3116 334.596 72.9076C326.727 66.5025 266.686 74.5003 266.686 74.5003L155.608 65.3379L99.9867 71.6078C99.9867 71.6078 90.3054 70.1801 84.9305 72.3407C79.5556 74.5003 67.5465 68.8313 67.5465 68.8313L40.5281 74.5003L2.78484e-07 72.9075L4.84322e-05 -7.62939e-06L1440 0.000244148Z\"\/>\n<\/svg>\n<\/section>\n","protected":false},"excerpt":{"rendered":"","protected":false},"author":6,"featured_media":4095,"parent":0,"menu_order":0,"comment_status":"closed","ping_status":"closed","template":"","meta":{"_acf_changed":false,"footnotes":""},"class_list":["post-4397","page","type-page","status-publish","has-post-thumbnail","hentry"],"acf":[],"yoast_head":"<!-- This site is optimized with the Yoast SEO plugin v27.1.1 - https:\/\/yoast.com\/product\/yoast-seo-wordpress\/ -->\n<title>Gruppenklettern Rotterdam | Buchen Sie Ihr Fun Forest Abenteuer<\/title>\n<meta name=\"description\" content=\"Buchen Sie Ihren Klettergruppenausflug auf dem Kralingse Plas! W\u00e4hlen Sie nur die Aktivit\u00e4t oder f\u00fcgen Sie ein Catering hinzu: Kaffee, Apfelkuchen, Getr\u00e4nketafel oder BBQ.\" \/>\n<meta name=\"robots\" content=\"index, follow, max-snippet:-1, max-image-preview:large, max-video-preview:-1\" \/>\n<link rel=\"canonical\" href=\"https:\/\/www.funforest.nl\/de\/buecher-gb-rotterdam-klettern\/\" \/>\n<meta property=\"og:locale\" content=\"de_DE\" \/>\n<meta property=\"og:type\" content=\"article\" \/>\n<meta property=\"og:title\" content=\"Gruppenklettern Rotterdam | Buchen Sie Ihr Fun Forest Abenteuer\" \/>\n<meta property=\"og:description\" content=\"Buchen Sie Ihren Klettergruppenausflug auf dem Kralingse Plas! W\u00e4hlen Sie nur die Aktivit\u00e4t oder f\u00fcgen Sie ein Catering hinzu: Kaffee, Apfelkuchen, Getr\u00e4nketafel oder BBQ.\" \/>\n<meta property=\"og:url\" content=\"https:\/\/www.funforest.nl\/de\/buecher-gb-rotterdam-klettern\/\" \/>\n<meta property=\"og:site_name\" content=\"Fun Forest\" \/>\n<meta property=\"article:modified_time\" content=\"2025-12-10T10:36:25+00:00\" \/>\n<meta property=\"og:image\" content=\"https:\/\/www.funforest.nl\/wp-content\/uploads\/2025\/08\/Klimmen-Pakket-1-1024x768.png\" \/>\n\t<meta property=\"og:image:width\" content=\"1024\" \/>\n\t<meta property=\"og:image:height\" content=\"768\" \/>\n\t<meta property=\"og:image:type\" content=\"image\/png\" \/>\n<meta name=\"twitter:card\" content=\"summary_large_image\" \/>\n<script type=\"application\/ld+json\" class=\"yoast-schema-graph\">{\"@context\":\"https:\/\/schema.org\",\"@graph\":[{\"@type\":\"WebPage\",\"@id\":\"https:\/\/www.funforest.nl\/de\/buecher-gb-rotterdam-klettern\/\",\"url\":\"https:\/\/www.funforest.nl\/de\/buecher-gb-rotterdam-klettern\/\",\"name\":\"Gruppenklettern Rotterdam | Buchen Sie Ihr Fun Forest Abenteuer\",\"isPartOf\":{\"@id\":\"https:\/\/www.funforest.nl\/de\/#website\"},\"primaryImageOfPage\":{\"@id\":\"https:\/\/www.funforest.nl\/de\/buecher-gb-rotterdam-klettern\/#primaryimage\"},\"image\":{\"@id\":\"https:\/\/www.funforest.nl\/de\/buecher-gb-rotterdam-klettern\/#primaryimage\"},\"thumbnailUrl\":\"https:\/\/www.funforest.nl\/wp-content\/uploads\/2025\/08\/Klimmen-Pakket-1.png\",\"datePublished\":\"2025-09-24T13:06:48+00:00\",\"dateModified\":\"2025-12-10T10:36:25+00:00\",\"description\":\"Buchen Sie Ihren Klettergruppenausflug auf dem Kralingse Plas! W\u00e4hlen Sie nur die Aktivit\u00e4t oder f\u00fcgen Sie ein Catering hinzu: Kaffee, Apfelkuchen, Getr\u00e4nketafel oder BBQ.\",\"breadcrumb\":{\"@id\":\"https:\/\/www.funforest.nl\/de\/buecher-gb-rotterdam-klettern\/#breadcrumb\"},\"inLanguage\":\"de\",\"potentialAction\":[{\"@type\":\"ReadAction\",\"target\":[\"https:\/\/www.funforest.nl\/de\/buecher-gb-rotterdam-klettern\/\"]}]},{\"@type\":\"ImageObject\",\"inLanguage\":\"de\",\"@id\":\"https:\/\/www.funforest.nl\/de\/buecher-gb-rotterdam-klettern\/#primaryimage\",\"url\":\"https:\/\/www.funforest.nl\/wp-content\/uploads\/2025\/08\/Klimmen-Pakket-1.png\",\"contentUrl\":\"https:\/\/www.funforest.nl\/wp-content\/uploads\/2025\/08\/Klimmen-Pakket-1.png\",\"width\":1200,\"height\":900,\"caption\":\"M\u00e4dchen mit rotem Hemd greift beim Klettern nach dem Seil\"},{\"@type\":\"BreadcrumbList\",\"@id\":\"https:\/\/www.funforest.nl\/de\/buecher-gb-rotterdam-klettern\/#breadcrumb\",\"itemListElement\":[{\"@type\":\"ListItem\",\"position\":1,\"name\":\"Home\",\"item\":\"https:\/\/www.funforest.nl\/de\/\"},{\"@type\":\"ListItem\",\"position\":2,\"name\":\"B\u00fccher GB Rotterdam Klettern\"}]},{\"@type\":\"WebSite\",\"@id\":\"https:\/\/www.funforest.nl\/de\/#website\",\"url\":\"https:\/\/www.funforest.nl\/de\/\",\"name\":\"Fun Forest\",\"description\":\"\",\"potentialAction\":[{\"@type\":\"SearchAction\",\"target\":{\"@type\":\"EntryPoint\",\"urlTemplate\":\"https:\/\/www.funforest.nl\/de\/?s={search_term_string}\"},\"query-input\":{\"@type\":\"PropertyValueSpecification\",\"valueRequired\":true,\"valueName\":\"search_term_string\"}}],\"inLanguage\":\"de\"}]}<\/script>\n<!-- \/ Yoast SEO plugin. -->","yoast_head_json":{"title":"Gruppenklettern Rotterdam | Buchen Sie Ihr Fun Forest Abenteuer","description":"Buchen Sie Ihren Klettergruppenausflug auf dem Kralingse Plas! W\u00e4hlen Sie nur die Aktivit\u00e4t oder f\u00fcgen Sie ein Catering hinzu: Kaffee, Apfelkuchen, Getr\u00e4nketafel oder BBQ.","robots":{"index":"index","follow":"follow","max-snippet":"max-snippet:-1","max-image-preview":"max-image-preview:large","max-video-preview":"max-video-preview:-1"},"canonical":"https:\/\/www.funforest.nl\/de\/buecher-gb-rotterdam-klettern\/","og_locale":"de_DE","og_type":"article","og_title":"Gruppenklettern Rotterdam | Buchen Sie Ihr Fun Forest Abenteuer","og_description":"Buchen Sie Ihren Klettergruppenausflug auf dem Kralingse Plas! W\u00e4hlen Sie nur die Aktivit\u00e4t oder f\u00fcgen Sie ein Catering hinzu: Kaffee, Apfelkuchen, Getr\u00e4nketafel oder BBQ.","og_url":"https:\/\/www.funforest.nl\/de\/buecher-gb-rotterdam-klettern\/","og_site_name":"Fun Forest","article_modified_time":"2025-12-10T10:36:25+00:00","og_image":[{"width":1024,"height":768,"url":"https:\/\/www.funforest.nl\/wp-content\/uploads\/2025\/08\/Klimmen-Pakket-1-1024x768.png","type":"image\/png"}],"twitter_card":"summary_large_image","schema":{"@context":"https:\/\/schema.org","@graph":[{"@type":"WebPage","@id":"https:\/\/www.funforest.nl\/de\/buecher-gb-rotterdam-klettern\/","url":"https:\/\/www.funforest.nl\/de\/buecher-gb-rotterdam-klettern\/","name":"Gruppenklettern Rotterdam | Buchen Sie Ihr Fun Forest Abenteuer","isPartOf":{"@id":"https:\/\/www.funforest.nl\/de\/#website"},"primaryImageOfPage":{"@id":"https:\/\/www.funforest.nl\/de\/buecher-gb-rotterdam-klettern\/#primaryimage"},"image":{"@id":"https:\/\/www.funforest.nl\/de\/buecher-gb-rotterdam-klettern\/#primaryimage"},"thumbnailUrl":"https:\/\/www.funforest.nl\/wp-content\/uploads\/2025\/08\/Klimmen-Pakket-1.png","datePublished":"2025-09-24T13:06:48+00:00","dateModified":"2025-12-10T10:36:25+00:00","description":"Buchen Sie Ihren Klettergruppenausflug auf dem Kralingse Plas! W\u00e4hlen Sie nur die Aktivit\u00e4t oder f\u00fcgen Sie ein Catering hinzu: Kaffee, Apfelkuchen, Getr\u00e4nketafel oder BBQ.","breadcrumb":{"@id":"https:\/\/www.funforest.nl\/de\/buecher-gb-rotterdam-klettern\/#breadcrumb"},"inLanguage":"de","potentialAction":[{"@type":"ReadAction","target":["https:\/\/www.funforest.nl\/de\/buecher-gb-rotterdam-klettern\/"]}]},{"@type":"ImageObject","inLanguage":"de","@id":"https:\/\/www.funforest.nl\/de\/buecher-gb-rotterdam-klettern\/#primaryimage","url":"https:\/\/www.funforest.nl\/wp-content\/uploads\/2025\/08\/Klimmen-Pakket-1.png","contentUrl":"https:\/\/www.funforest.nl\/wp-content\/uploads\/2025\/08\/Klimmen-Pakket-1.png","width":1200,"height":900,"caption":"M\u00e4dchen mit rotem Hemd greift beim Klettern nach dem Seil"},{"@type":"BreadcrumbList","@id":"https:\/\/www.funforest.nl\/de\/buecher-gb-rotterdam-klettern\/#breadcrumb","itemListElement":[{"@type":"ListItem","position":1,"name":"Home","item":"https:\/\/www.funforest.nl\/de\/"},{"@type":"ListItem","position":2,"name":"B\u00fccher GB Rotterdam Klettern"}]},{"@type":"WebSite","@id":"https:\/\/www.funforest.nl\/de\/#website","url":"https:\/\/www.funforest.nl\/de\/","name":"Fun Forest","description":"","potentialAction":[{"@type":"SearchAction","target":{"@type":"EntryPoint","urlTemplate":"https:\/\/www.funforest.nl\/de\/?s={search_term_string}"},"query-input":{"@type":"PropertyValueSpecification","valueRequired":true,"valueName":"search_term_string"}}],"inLanguage":"de"}]}},"_links":{"self":[{"href":"https:\/\/www.funforest.nl\/de\/wp-json\/wp\/v2\/pages\/4397","targetHints":{"allow":["GET"]}}],"collection":[{"href":"https:\/\/www.funforest.nl\/de\/wp-json\/wp\/v2\/pages"}],"about":[{"href":"https:\/\/www.funforest.nl\/de\/wp-json\/wp\/v2\/types\/page"}],"author":[{"embeddable":true,"href":"https:\/\/www.funforest.nl\/de\/wp-json\/wp\/v2\/users\/6"}],"replies":[{"embeddable":true,"href":"https:\/\/www.funforest.nl\/de\/wp-json\/wp\/v2\/comments?post=4397"}],"version-history":[{"count":0,"href":"https:\/\/www.funforest.nl\/de\/wp-json\/wp\/v2\/pages\/4397\/revisions"}],"wp:featuredmedia":[{"embeddable":true,"href":"https:\/\/www.funforest.nl\/de\/wp-json\/wp\/v2\/media\/4095"}],"wp:attachment":[{"href":"https:\/\/www.funforest.nl\/de\/wp-json\/wp\/v2\/media?parent=4397"}],"curies":[{"name":"wp","href":"https:\/\/api.w.org\/{rel}","templated":true}]}}