{"id":3666,"date":"2025-05-27T15:17:52","date_gmt":"2025-05-27T13:17:52","guid":{"rendered":"https:\/\/www.funforest.nl\/?page_id=3666"},"modified":"2025-12-10T11:36:51","modified_gmt":"2025-12-10T10:36:51","slug":"mittsommernacht-almere","status":"publish","type":"page","link":"https:\/\/www.funforest.nl\/de\/sommerabend-klettern\/mittsommernacht-almere\/","title":{"rendered":"Mittsommernachtsklettern in Almere"},"content":{"rendered":"\n<section id=\"\" class=\" bg-secondary-dark\" style=\"padding-top:var(--wp--preset--spacing--20); padding-bottom:0; color: var(--wp--preset--color--font); \">\n\t<div class=\"container grid grid-cols-12 gap-y-6 md:gap-y-10 gap-x-6 text-white [&amp;_span]:text-secondary-dark [&amp;_span]:stroke-color-white\">\n\t\t\t\t\t\t\t\t\t<div class=\"content content--small   \">\n                          <div class=\"!text-inherit content--wysiwyg\">\n    <h1>Mittsommernacht im Fun Forest <span class=\"text-h1-outline\">Almere<\/span><\/h1>\n\n  <\/div>\n    <\/div>\n\t\t\t\t\t\t<\/div>\n<\/section>\n\n<section id=\"\" class=\" bg-secondary-dark\" style=\"padding-top:var(--wp--preset--spacing--40); padding-bottom:var(--wp--preset--spacing--20); color: var(--wp--preset--color--font); \">\n\t<div class=\"container grid grid-cols-12 gap-y-6 md:gap-y-10 gap-x-6 text-white [&amp;_span]:text-secondary-dark [&amp;_span]:stroke-color-white\">\n\t\t\t\t\t\t\t\t\t<div class=\"content content--small   \">\n                          <div class=\"!text-inherit content--wysiwyg\">\n    <p><strong>Buchen Sie Ihre Tickets f\u00fcr das Mittsommernachtsklettern im Fun Forest Almere!<\/strong><\/p>\n\n            <section\n                class=\"bookprocess\" \n                data-id=\"133\" \n                data-url=\"https:\/\/funforest.recras.nl\"\n                \n            ><\/section>\n        \n\n  <\/div>\n    <\/div>\n\t\t\t\t\t\t<\/div>\n<\/section>\n<section class=\"overflow-hidden md:w-full [&#038;_svg]:w-[768px] [&#038;_svg]:md:w-full -mt-[1px] [&amp;_path]:fill-secondary-dark scale-y-100 mt-[-1px] Waage-x-100\">\n\t<svg viewbox=\"0 0 1440 75\" xmlns=\"http:\/\/www.w3.org\/2000\/svg\">\n\t<path d=\"M1434.5 65.3392L1430.49 60.6803C1430.49 60.6803 1420.49 56.0224 1410.48 56.0224C1400.47 56.0224 1385.46 56.6052 1381.46 56.6052C1377.46 56.6052 1370.45 57.188 1362.45 57.188C1354.44 57.188 1365.45 61.2642 1365.45 61.2642L1378.46 61.8459L1434.5 65.3392ZM1440 0.000244148L1440 68.8316L1341.43 64.1737L1276.24 67.3038C1276.24 67.3038 1205.96 62.1942 1181.32 68.8315C1156.68 75.4699 1062.13 68.8315 1062.13 68.8315L1033.22 74.5004L952.163 66.5025L865.101 68.8315C865.101 68.8315 833.791 63.0869 820.071 66.5025C806.351 69.9192 790.155 68.6833 777.04 66.5025C742.016 60.6802 684.977 71.1615 684.977 71.1615C684.977 71.1615 647.348 71.1444 571.899 69.9959L579.226 66.6144L607.071 65.3156C607.071 65.3156 594.328 58.152 556.962 61.6326C533.179 63.8476 513.302 66.9094 501.985 68.8452C459.166 68.1303 423.185 67.3153 413.789 66.5024C386.912 64.1724 342.465 79.3116 334.596 72.9076C326.727 66.5025 266.686 74.5003 266.686 74.5003L155.608 65.3379L99.9867 71.6078C99.9867 71.6078 90.3054 70.1801 84.9305 72.3407C79.5556 74.5003 67.5465 68.8313 67.5465 68.8313L40.5281 74.5003L2.78484e-07 72.9075L4.84322e-05 -7.62939e-06L1440 0.000244148Z\"\/>\n<\/svg>\n<\/section>\n","protected":false},"excerpt":{"rendered":"","protected":false},"author":6,"featured_media":3660,"parent":2748,"menu_order":0,"comment_status":"closed","ping_status":"closed","template":"","meta":{"_acf_changed":false,"footnotes":""},"class_list":["post-3666","page","type-page","status-publish","has-post-thumbnail","hentry"],"acf":[],"yoast_head":"<!-- This site is optimized with the Yoast SEO plugin v27.1.1 - https:\/\/yoast.com\/product\/yoast-seo-wordpress\/ -->\n<title>Kommen Sie mit zum Klettern in der Mittsommernacht im Fun Forest Almere | Buchen Sie jetzt!<\/title>\n<meta name=\"description\" content=\"Klettern Sie in der Abendd\u00e4mmerung, sp\u00fcren Sie die W\u00e4rme des Sommers und erleben Sie einen Abend, den Sie so schnell nicht vergessen werden. Buchen Sie Ihre Tickets f\u00fcr das Mittsommernachtsklettern hier!\" \/>\n<meta name=\"robots\" content=\"index, follow, max-snippet:-1, max-image-preview:large, max-video-preview:-1\" \/>\n<link rel=\"canonical\" href=\"https:\/\/www.funforest.nl\/de\/sommerabend-klettern\/mittsommernacht-almere\/\" \/>\n<meta property=\"og:locale\" content=\"de_DE\" \/>\n<meta property=\"og:type\" content=\"article\" \/>\n<meta property=\"og:title\" content=\"Kommen Sie mit zum Klettern in der Mittsommernacht im Fun Forest Almere | Buchen Sie jetzt!\" \/>\n<meta property=\"og:description\" content=\"Klettern Sie in der Abendd\u00e4mmerung, sp\u00fcren Sie die W\u00e4rme des Sommers und erleben Sie einen Abend, den Sie so schnell nicht vergessen werden. Buchen Sie Ihre Tickets f\u00fcr das Mittsommernachtsklettern hier!\" \/>\n<meta property=\"og:url\" content=\"https:\/\/www.funforest.nl\/de\/sommerabend-klettern\/mittsommernacht-almere\/\" \/>\n<meta property=\"og:site_name\" content=\"Fun Forest\" \/>\n<meta property=\"article:modified_time\" content=\"2025-12-10T10:36:51+00:00\" \/>\n<meta property=\"og:image\" content=\"https:\/\/www.funforest.nl\/wp-content\/uploads\/2025\/05\/Midzomernacht-website-scaled.jpg\" \/>\n\t<meta property=\"og:image:width\" content=\"1810\" \/>\n\t<meta property=\"og:image:height\" content=\"2560\" \/>\n\t<meta property=\"og:image:type\" content=\"image\/jpeg\" \/>\n<meta name=\"twitter:card\" content=\"summary_large_image\" \/>\n<meta name=\"twitter:label1\" content=\"Est. reading time\" \/>\n\t<meta name=\"twitter:data1\" content=\"1 Minute\" \/>\n<script type=\"application\/ld+json\" class=\"yoast-schema-graph\">{\"@context\":\"https:\/\/schema.org\",\"@graph\":[{\"@type\":\"WebPage\",\"@id\":\"https:\/\/www.funforest.nl\/de\/sommerabend-klettern\/mittsommernacht-almere\/\",\"url\":\"https:\/\/www.funforest.nl\/de\/sommerabend-klettern\/mittsommernacht-almere\/\",\"name\":\"Kommen Sie mit zum Klettern in der Mittsommernacht im Fun Forest Almere | Buchen Sie jetzt!\",\"isPartOf\":{\"@id\":\"https:\/\/www.funforest.nl\/de\/#website\"},\"primaryImageOfPage\":{\"@id\":\"https:\/\/www.funforest.nl\/de\/sommerabend-klettern\/mittsommernacht-almere\/#primaryimage\"},\"image\":{\"@id\":\"https:\/\/www.funforest.nl\/de\/sommerabend-klettern\/mittsommernacht-almere\/#primaryimage\"},\"thumbnailUrl\":\"https:\/\/www.funforest.nl\/wp-content\/uploads\/2025\/05\/Midzomernacht-website-scaled.jpg\",\"datePublished\":\"2025-05-27T13:17:52+00:00\",\"dateModified\":\"2025-12-10T10:36:51+00:00\",\"description\":\"Klettern Sie in der Abendd\u00e4mmerung, sp\u00fcren Sie die W\u00e4rme des Sommers und erleben Sie einen Abend, den Sie so schnell nicht vergessen werden. Buchen Sie Ihre Tickets f\u00fcr das Mittsommernachtsklettern hier!\",\"breadcrumb\":{\"@id\":\"https:\/\/www.funforest.nl\/de\/sommerabend-klettern\/mittsommernacht-almere\/#breadcrumb\"},\"inLanguage\":\"de\",\"potentialAction\":[{\"@type\":\"ReadAction\",\"target\":[\"https:\/\/www.funforest.nl\/de\/sommerabend-klettern\/mittsommernacht-almere\/\"]}]},{\"@type\":\"ImageObject\",\"inLanguage\":\"de\",\"@id\":\"https:\/\/www.funforest.nl\/de\/sommerabend-klettern\/mittsommernacht-almere\/#primaryimage\",\"url\":\"https:\/\/www.funforest.nl\/wp-content\/uploads\/2025\/05\/Midzomernacht-website-scaled.jpg\",\"contentUrl\":\"https:\/\/www.funforest.nl\/wp-content\/uploads\/2025\/05\/Midzomernacht-website-scaled.jpg\",\"width\":1810,\"height\":2560,\"caption\":\"Mittsommernachtsklettern\"},{\"@type\":\"BreadcrumbList\",\"@id\":\"https:\/\/www.funforest.nl\/de\/sommerabend-klettern\/mittsommernacht-almere\/#breadcrumb\",\"itemListElement\":[{\"@type\":\"ListItem\",\"position\":1,\"name\":\"Home\",\"item\":\"https:\/\/www.funforest.nl\/de\/\"},{\"@type\":\"ListItem\",\"position\":2,\"name\":\"Mittsommernachtsklettern\",\"item\":\"https:\/\/www.funforest.nl\/de\/sommerabend-klettern\/\"},{\"@type\":\"ListItem\",\"position\":3,\"name\":\"Mittsommernachtsklettern in Almere\"}]},{\"@type\":\"WebSite\",\"@id\":\"https:\/\/www.funforest.nl\/de\/#website\",\"url\":\"https:\/\/www.funforest.nl\/de\/\",\"name\":\"Fun Forest\",\"description\":\"\",\"potentialAction\":[{\"@type\":\"SearchAction\",\"target\":{\"@type\":\"EntryPoint\",\"urlTemplate\":\"https:\/\/www.funforest.nl\/de\/?s={search_term_string}\"},\"query-input\":{\"@type\":\"PropertyValueSpecification\",\"valueRequired\":true,\"valueName\":\"search_term_string\"}}],\"inLanguage\":\"de\"}]}<\/script>\n<!-- \/ Yoast SEO plugin. -->","yoast_head_json":{"title":"Kommen Sie mit zum Klettern in der Mittsommernacht im Fun Forest Almere | Buchen Sie jetzt!","description":"Klettern Sie in der Abendd\u00e4mmerung, sp\u00fcren Sie die W\u00e4rme des Sommers und erleben Sie einen Abend, den Sie so schnell nicht vergessen werden. Buchen Sie Ihre Tickets f\u00fcr das Mittsommernachtsklettern hier!","robots":{"index":"index","follow":"follow","max-snippet":"max-snippet:-1","max-image-preview":"max-image-preview:large","max-video-preview":"max-video-preview:-1"},"canonical":"https:\/\/www.funforest.nl\/de\/sommerabend-klettern\/mittsommernacht-almere\/","og_locale":"de_DE","og_type":"article","og_title":"Kommen Sie mit zum Klettern in der Mittsommernacht im Fun Forest Almere | Buchen Sie jetzt!","og_description":"Klettern Sie in der Abendd\u00e4mmerung, sp\u00fcren Sie die W\u00e4rme des Sommers und erleben Sie einen Abend, den Sie so schnell nicht vergessen werden. Buchen Sie Ihre Tickets f\u00fcr das Mittsommernachtsklettern hier!","og_url":"https:\/\/www.funforest.nl\/de\/sommerabend-klettern\/mittsommernacht-almere\/","og_site_name":"Fun Forest","article_modified_time":"2025-12-10T10:36:51+00:00","og_image":[{"width":1810,"height":2560,"url":"https:\/\/www.funforest.nl\/wp-content\/uploads\/2025\/05\/Midzomernacht-website-scaled.jpg","type":"image\/jpeg"}],"twitter_card":"summary_large_image","twitter_misc":{"Est. reading time":"1 Minute"},"schema":{"@context":"https:\/\/schema.org","@graph":[{"@type":"WebPage","@id":"https:\/\/www.funforest.nl\/de\/sommerabend-klettern\/mittsommernacht-almere\/","url":"https:\/\/www.funforest.nl\/de\/sommerabend-klettern\/mittsommernacht-almere\/","name":"Kommen Sie mit zum Klettern in der Mittsommernacht im Fun Forest Almere | Buchen Sie jetzt!","isPartOf":{"@id":"https:\/\/www.funforest.nl\/de\/#website"},"primaryImageOfPage":{"@id":"https:\/\/www.funforest.nl\/de\/sommerabend-klettern\/mittsommernacht-almere\/#primaryimage"},"image":{"@id":"https:\/\/www.funforest.nl\/de\/sommerabend-klettern\/mittsommernacht-almere\/#primaryimage"},"thumbnailUrl":"https:\/\/www.funforest.nl\/wp-content\/uploads\/2025\/05\/Midzomernacht-website-scaled.jpg","datePublished":"2025-05-27T13:17:52+00:00","dateModified":"2025-12-10T10:36:51+00:00","description":"Klettern Sie in der Abendd\u00e4mmerung, sp\u00fcren Sie die W\u00e4rme des Sommers und erleben Sie einen Abend, den Sie so schnell nicht vergessen werden. Buchen Sie Ihre Tickets f\u00fcr das Mittsommernachtsklettern hier!","breadcrumb":{"@id":"https:\/\/www.funforest.nl\/de\/sommerabend-klettern\/mittsommernacht-almere\/#breadcrumb"},"inLanguage":"de","potentialAction":[{"@type":"ReadAction","target":["https:\/\/www.funforest.nl\/de\/sommerabend-klettern\/mittsommernacht-almere\/"]}]},{"@type":"ImageObject","inLanguage":"de","@id":"https:\/\/www.funforest.nl\/de\/sommerabend-klettern\/mittsommernacht-almere\/#primaryimage","url":"https:\/\/www.funforest.nl\/wp-content\/uploads\/2025\/05\/Midzomernacht-website-scaled.jpg","contentUrl":"https:\/\/www.funforest.nl\/wp-content\/uploads\/2025\/05\/Midzomernacht-website-scaled.jpg","width":1810,"height":2560,"caption":"Mittsommernachtsklettern"},{"@type":"BreadcrumbList","@id":"https:\/\/www.funforest.nl\/de\/sommerabend-klettern\/mittsommernacht-almere\/#breadcrumb","itemListElement":[{"@type":"ListItem","position":1,"name":"Home","item":"https:\/\/www.funforest.nl\/de\/"},{"@type":"ListItem","position":2,"name":"Mittsommernachtsklettern","item":"https:\/\/www.funforest.nl\/de\/sommerabend-klettern\/"},{"@type":"ListItem","position":3,"name":"Mittsommernachtsklettern in Almere"}]},{"@type":"WebSite","@id":"https:\/\/www.funforest.nl\/de\/#website","url":"https:\/\/www.funforest.nl\/de\/","name":"Fun Forest","description":"","potentialAction":[{"@type":"SearchAction","target":{"@type":"EntryPoint","urlTemplate":"https:\/\/www.funforest.nl\/de\/?s={search_term_string}"},"query-input":{"@type":"PropertyValueSpecification","valueRequired":true,"valueName":"search_term_string"}}],"inLanguage":"de"}]}},"_links":{"self":[{"href":"https:\/\/www.funforest.nl\/de\/wp-json\/wp\/v2\/pages\/3666","targetHints":{"allow":["GET"]}}],"collection":[{"href":"https:\/\/www.funforest.nl\/de\/wp-json\/wp\/v2\/pages"}],"about":[{"href":"https:\/\/www.funforest.nl\/de\/wp-json\/wp\/v2\/types\/page"}],"author":[{"embeddable":true,"href":"https:\/\/www.funforest.nl\/de\/wp-json\/wp\/v2\/users\/6"}],"replies":[{"embeddable":true,"href":"https:\/\/www.funforest.nl\/de\/wp-json\/wp\/v2\/comments?post=3666"}],"version-history":[{"count":0,"href":"https:\/\/www.funforest.nl\/de\/wp-json\/wp\/v2\/pages\/3666\/revisions"}],"up":[{"embeddable":true,"href":"https:\/\/www.funforest.nl\/de\/wp-json\/wp\/v2\/pages\/2748"}],"wp:featuredmedia":[{"embeddable":true,"href":"https:\/\/www.funforest.nl\/de\/wp-json\/wp\/v2\/media\/3660"}],"wp:attachment":[{"href":"https:\/\/www.funforest.nl\/de\/wp-json\/wp\/v2\/media?parent=3666"}],"curies":[{"name":"wp","href":"https:\/\/api.w.org\/{rel}","templated":true}]}}