{"id":2922,"date":"2024-12-19T11:52:48","date_gmt":"2024-12-19T10:52:48","guid":{"rendered":"https:\/\/www.funforest.nl\/amsterdam\/teambuilding-amsterdam\/"},"modified":"2025-04-15T10:18:45","modified_gmt":"2025-04-15T08:18:45","slug":"teambuilding-amsterdam","status":"publish","type":"page","link":"https:\/\/www.funforest.nl\/de\/amsterdam\/teambuilding-amsterdam\/","title":{"rendered":"Teambuilding Amsterdam"},"content":{"rendered":"\n<section id=\"\" class=\" bg-secondary-dark\" style=\"padding-top:var(--wp--preset--spacing--40); padding-bottom:var(--wp--preset--spacing--40); color: var(--wp--preset--color--font); \">\n\t<div class=\"container grid grid-cols-12 gap-y-6 md:gap-y-10 gap-x-6 text-white [&amp;_span]:text-secondary-dark [&amp;_span]:stroke-color-white\">\n\t\t\t\t\t\t\t\t\t<div class=\"content content--small   \">\n                          <div class=\"!text-inherit content--wysiwyg\">\n    <h1>Expedition <span class=\"text-h1-outline\">Fun Forest Amsterdam<\/span><\/h1>\n<p>Sind Sie bereit f\u00fcr die ultimative Herausforderung, m\u00f6chten aber lieber mit beiden Beinen auf dem Boden bleiben? Dann ist die Expedition Ihr Abenteuer! Am Rande unseres Kletterwaldes, im sch\u00f6nen Amsterdamse Bos, treten Sie in Teams in einem adrenalingetriebenen Rennen gegeneinander an. Denken Sie schnell, arbeiten Sie zusammen und bleiben Sie wachsam! Das Abenteuer wartet auf Sie &#8211; welches Team wird sich zum ultimativen Sieger kr\u00f6nen?    <\/p>\n\n  <\/div>\n    <\/div>\n\t\t\t\t\t\t<\/div>\n<\/section>\n<section class=\"overflow-hidden md:w-full [&#038;_svg]:w-[768px] [&#038;_svg]:md:w-full -mt-[1px] [&amp;_path]:fill-secondary-dark  \">\n\t<svg viewbox=\"0 0 1440 75\" xmlns=\"http:\/\/www.w3.org\/2000\/svg\">\n\t<path d=\"M1434.5 65.3392L1430.49 60.6803C1430.49 60.6803 1420.49 56.0224 1410.48 56.0224C1400.47 56.0224 1385.46 56.6052 1381.46 56.6052C1377.46 56.6052 1370.45 57.188 1362.45 57.188C1354.44 57.188 1365.45 61.2642 1365.45 61.2642L1378.46 61.8459L1434.5 65.3392ZM1440 0.000244148L1440 68.8316L1341.43 64.1737L1276.24 67.3038C1276.24 67.3038 1205.96 62.1942 1181.32 68.8315C1156.68 75.4699 1062.13 68.8315 1062.13 68.8315L1033.22 74.5004L952.163 66.5025L865.101 68.8315C865.101 68.8315 833.791 63.0869 820.071 66.5025C806.351 69.9192 790.155 68.6833 777.04 66.5025C742.016 60.6802 684.977 71.1615 684.977 71.1615C684.977 71.1615 647.348 71.1444 571.899 69.9959L579.226 66.6144L607.071 65.3156C607.071 65.3156 594.328 58.152 556.962 61.6326C533.179 63.8476 513.302 66.9094 501.985 68.8452C459.166 68.1303 423.185 67.3153 413.789 66.5024C386.912 64.1724 342.465 79.3116 334.596 72.9076C326.727 66.5025 266.686 74.5003 266.686 74.5003L155.608 65.3379L99.9867 71.6078C99.9867 71.6078 90.3054 70.1801 84.9305 72.3407C79.5556 74.5003 67.5465 68.8313 67.5465 68.8313L40.5281 74.5003L2.78484e-07 72.9075L4.84322e-05 -7.62939e-06L1440 0.000244148Z\"\/>\n<\/svg>\n<\/section>\n\n<section id=\"\" class=\"  relative\" style=\"padding-top:var(--wp--preset--spacing--40); padding-bottom:var(--wp--preset--spacing--40); color: var(--wp--preset--color--font); \">\n\t<div class=\"container\">\n\t\t<div class=\"grid md:grid-cols-12 gap-6 z-10 relative items-center\">\n\t\t\t<div class=\"order-2 md:order-none md:col-span-5\">\n\t\t\t\t\t\t\t\t\t  <div class=\"content    text-font [&amp;_span]:text-white [&amp;_span]:stroke-color-font\">\n        <span class=\"text-subtitle mb-2 block text-xl text-secondary !text-inherit\">Engagieren Sie sich f\u00fcreinander!<\/span>\n                <h2 class=\"!text-inherit\">Expedition Fun Forest<\/h2>\n          <div class=\"!text-inherit mb-6 content--wysiwyg\">\n    <h4>Ab 10 Personen<\/h4>\n<p>Unsere Expedition ist die Herausforderung f\u00fcr alle, die nicht nur ihre Muskeln, sondern auch ihren Verstand testen wollen! Diese Aktivit\u00e4t mitten in der Natur ist voll von aufregenden Teambuilding-Aktivit\u00e4ten, die Sie nur gemeinsam als Team bew\u00e4ltigen k\u00f6nnen. Ob Sie sich nun die Strategie ausdenken, sich den physischen Herausforderungen stellen oder kreative L\u00f6sungen finden, hier wird Teamwork wirklich lebendig. Wer wird den Sieg davontragen? Fordern Sie Ihre Freunde, Klassenkameraden oder Kollegen heraus und entdecken Sie die Kraft der Zusammenarbeit!    <\/p>\n\n  <\/div>\n    <\/div>\n\t\t\t\t\t\t\t<\/div>\n\t\t\t<div class=\"md:col-span-6 md:col-start-7\">\n\t\t\t\t\t\t\t\t\t\t    <img loading=\"lazy\" decoding=\"async\" width=\"1024\" height=\"683\" src=\"https:\/\/www.funforest.nl\/wp-content\/uploads\/2024\/12\/IMG_4886-1024x683.jpg\" class=\"object-cover w-full h-full rounded-lg \" alt=\"Er wordt een puzzel gelegd door meerdere mensen\" srcset=\"https:\/\/www.funforest.nl\/wp-content\/uploads\/2024\/12\/IMG_4886-1024x683.jpg 1024w, https:\/\/www.funforest.nl\/wp-content\/uploads\/2024\/12\/IMG_4886-300x200.jpg 300w, https:\/\/www.funforest.nl\/wp-content\/uploads\/2024\/12\/IMG_4886-768x512.jpg 768w, https:\/\/www.funforest.nl\/wp-content\/uploads\/2024\/12\/IMG_4886-1536x1024.jpg 1536w, https:\/\/www.funforest.nl\/wp-content\/uploads\/2024\/12\/IMG_4886-2048x1365.jpg 2048w, https:\/\/www.funforest.nl\/wp-content\/uploads\/2024\/12\/IMG_4886-1215x810.jpg 1215w\" sizes=\"auto, (max-width: 1024px) 100vw, 1024px\" \/>\n  <div class=\"content    text-font [&amp;_span]:text-white [&amp;_span]:stroke-color-font\">\n                            <\/div>\n\t\t\t\t\t\t\t<\/div>\n\t\t<\/div>\n\t<\/div>\n\t<\/section>\n\n<section id=\"\" class=\" \" style=\"padding-top:var(--wp--preset--spacing--20); padding-bottom:var(--wp--preset--spacing--20); color: var(--wp--preset--color--font); \">\n\t<div class=\"container grid grid-cols-12 gap-y-6 md:gap-y-10 gap-x-6 text-font [&amp;_span]:text-white [&amp;_span]:stroke-color-font\">\n\t\t\t\t\t\t\t\t\t<div class=\"content content--small   \">\n                          <div class=\"!text-inherit content--wysiwyg\">\n    <h2>Diese Gruppen waren vor Ihnen da<\/h2>\n\n  <\/div>\n    <\/div>\n\t\t\t\t\t\t<\/div>\n<\/section>\n<section id=\"\" class=\"\" style=\"padding-top:var(--wp--preset--spacing--20); padding-bottom:var(--wp--preset--spacing--80);  \">\n    <div class=\"container\">\n            <img loading=\"lazy\" decoding=\"async\" width=\"1024\" height=\"128\" src=\"https:\/\/www.funforest.nl\/wp-content\/uploads\/2024\/12\/Logos-bedrijven-1-1024x128.jpg\" class=\"w-full \" alt=\"Afbeelding met 6 verschillende logo&#039;s.\" srcset=\"https:\/\/www.funforest.nl\/wp-content\/uploads\/2024\/12\/Logos-bedrijven-1-1024x128.jpg 1024w, https:\/\/www.funforest.nl\/wp-content\/uploads\/2024\/12\/Logos-bedrijven-1-300x38.jpg 300w, https:\/\/www.funforest.nl\/wp-content\/uploads\/2024\/12\/Logos-bedrijven-1-768x96.jpg 768w, https:\/\/www.funforest.nl\/wp-content\/uploads\/2024\/12\/Logos-bedrijven-1-1536x192.jpg 1536w, https:\/\/www.funforest.nl\/wp-content\/uploads\/2024\/12\/Logos-bedrijven-1-1440x180.jpg 1440w, https:\/\/www.funforest.nl\/wp-content\/uploads\/2024\/12\/Logos-bedrijven-1.jpg 2000w\" sizes=\"auto, (max-width: 1024px) 100vw, 1024px\" \/>\n    <\/div>\n<\/section>\n<section class=\"overflow-hidden md:w-full [&#038;_svg]:w-[768px] [&#038;_svg]:md:w-full -mt-[1px] [&amp;_path]:fill-secondary-dark -skalieren-y-100 mb-[-1px] Waage-x-100\">\n\t<svg viewbox=\"0 0 1440 75\" xmlns=\"http:\/\/www.w3.org\/2000\/svg\">\n\t<path d=\"M1434.5 65.3392L1430.49 60.6803C1430.49 60.6803 1420.49 56.0224 1410.48 56.0224C1400.47 56.0224 1385.46 56.6052 1381.46 56.6052C1377.46 56.6052 1370.45 57.188 1362.45 57.188C1354.44 57.188 1365.45 61.2642 1365.45 61.2642L1378.46 61.8459L1434.5 65.3392ZM1440 0.000244148L1440 68.8316L1341.43 64.1737L1276.24 67.3038C1276.24 67.3038 1205.96 62.1942 1181.32 68.8315C1156.68 75.4699 1062.13 68.8315 1062.13 68.8315L1033.22 74.5004L952.163 66.5025L865.101 68.8315C865.101 68.8315 833.791 63.0869 820.071 66.5025C806.351 69.9192 790.155 68.6833 777.04 66.5025C742.016 60.6802 684.977 71.1615 684.977 71.1615C684.977 71.1615 647.348 71.1444 571.899 69.9959L579.226 66.6144L607.071 65.3156C607.071 65.3156 594.328 58.152 556.962 61.6326C533.179 63.8476 513.302 66.9094 501.985 68.8452C459.166 68.1303 423.185 67.3153 413.789 66.5024C386.912 64.1724 342.465 79.3116 334.596 72.9076C326.727 66.5025 266.686 74.5003 266.686 74.5003L155.608 65.3379L99.9867 71.6078C99.9867 71.6078 90.3054 70.1801 84.9305 72.3407C79.5556 74.5003 67.5465 68.8313 67.5465 68.8313L40.5281 74.5003L2.78484e-07 72.9075L4.84322e-05 -7.62939e-06L1440 0.000244148Z\"\/>\n<\/svg>\n<\/section>\n\n<section id=\"\" class=\" bg-secondary-dark\" style=\"padding-top:var(--wp--preset--spacing--80); padding-bottom:var(--wp--preset--spacing--80); color: var(--wp--preset--color--font); \">\n\t<div class=\"container grid grid-cols-12 gap-y-6 md:gap-y-10 gap-x-6 text-white [&amp;_span]:text-secondary-dark [&amp;_span]:stroke-color-white\">\n\t\t\t\t\t\t\t\t\t<div class=\"content content--small   \">\n        <span class=\"text-subtitle mb-2 block text-xl text-secondary !text-inherit\">Klettern, Expedition und unser Catering!<\/span>\n                <h2 class=\"!text-inherit\">Pauschalangebote in Amsterdam<\/h2>\n          <div class=\"!text-inherit content--wysiwyg\">\n    <p>Vervollst\u00e4ndigen Sie Ihren Urlaub mit einer Mischung aus Aktivit\u00e4ten in der Natur! ! Beginnen Sie den Tag aktiv mit Klettern im Kletterwald, genie\u00dfen Sie dann ein leckeres Mittagessen, um wieder zu Kr\u00e4ften zu kommen und beenden Sie ihn mit unserer Expedition. Oder erleben Sie den ganzen Tag lang die besten Aktivit\u00e4ten und lassen Sie den Tag stilvoll bei einem gem\u00fctlichen Barbecue ausklingen. Alle unsere Aktivit\u00e4ten lassen sich flexibel zu einem einzigartigen Paket kombinieren, das speziell f\u00fcr Ihre Gruppe zusammengestellt wird. Sind Sie neugierig, was wir f\u00fcr Sie organisieren k\u00f6nnen?    <\/p>\n<p>Fordern Sie ein <strong>kostenloses<\/strong> Angebot an und erfahren Sie, wie wir Ihren Tag unvergesslich machen k\u00f6nnen!<\/p>\n\n  <\/div>\n        <div class=\"flex flex-wrap gap-4 md:gap-6\">\n                                        <a href=\"https:\/\/www.funforest.nl\/groepsuitje\/offerte-groepsuitje\/\" class=\"btn btn-solid\" target=\"_self\">\n                Stellen Sie Ihren perfekten Urlaub zusammen!\n    <\/a>\n                        <\/div>\n\n<\/div>\n\t\t\t\t\t\t<\/div>\n<\/section>\n<section class=\"overflow-hidden md:w-full [&#038;_svg]:w-[768px] [&#038;_svg]:md:w-full -mt-[1px] [&amp;_path]:fill-secondary-dark scale-y-100 mt-[-1px] Waage-x-100\">\n\t<svg viewbox=\"0 0 1440 75\" xmlns=\"http:\/\/www.w3.org\/2000\/svg\">\n\t<path d=\"M1434.5 65.3392L1430.49 60.6803C1430.49 60.6803 1420.49 56.0224 1410.48 56.0224C1400.47 56.0224 1385.46 56.6052 1381.46 56.6052C1377.46 56.6052 1370.45 57.188 1362.45 57.188C1354.44 57.188 1365.45 61.2642 1365.45 61.2642L1378.46 61.8459L1434.5 65.3392ZM1440 0.000244148L1440 68.8316L1341.43 64.1737L1276.24 67.3038C1276.24 67.3038 1205.96 62.1942 1181.32 68.8315C1156.68 75.4699 1062.13 68.8315 1062.13 68.8315L1033.22 74.5004L952.163 66.5025L865.101 68.8315C865.101 68.8315 833.791 63.0869 820.071 66.5025C806.351 69.9192 790.155 68.6833 777.04 66.5025C742.016 60.6802 684.977 71.1615 684.977 71.1615C684.977 71.1615 647.348 71.1444 571.899 69.9959L579.226 66.6144L607.071 65.3156C607.071 65.3156 594.328 58.152 556.962 61.6326C533.179 63.8476 513.302 66.9094 501.985 68.8452C459.166 68.1303 423.185 67.3153 413.789 66.5024C386.912 64.1724 342.465 79.3116 334.596 72.9076C326.727 66.5025 266.686 74.5003 266.686 74.5003L155.608 65.3379L99.9867 71.6078C99.9867 71.6078 90.3054 70.1801 84.9305 72.3407C79.5556 74.5003 67.5465 68.8313 67.5465 68.8313L40.5281 74.5003L2.78484e-07 72.9075L4.84322e-05 -7.62939e-06L1440 0.000244148Z\"\/>\n<\/svg>\n<\/section>\n\n<section id=\"\" class=\"  relative\" style=\"padding-top:var(--wp--preset--spacing--80); padding-bottom:var(--wp--preset--spacing--80);  \">\n\t<div class=\"container relative grid grid-cols-12 gap-4 md:gap-6 z-10 items-center\">\n\t\t\t\t\t\t\t\t\t<div class=\"video video-with-cover-img group [&amp;_*]:aspect-video col-span-12 md:col-span-6\">\n\t\n\t<iframe loading=\"lazy\" title=\"Fun Forest | Welkom in ons bos! | Sociale Onderneming | Klimbos\" width=\"640\" height=\"360\" src=\"https:\/\/www.youtube.com\/embed\/5jtGhtn0qrY?feature=oembed\" frameborder=\"0\" allow=\"accelerometer; autoplay; clipboard-write; encrypted-media; gyroscope; picture-in-picture; web-share\" referrerpolicy=\"strict-origin-when-cross-origin\" allowfullscreen><\/iframe>\n<\/div>\n\t\t\t\t\t\n\t\t<div class=\"col-span-12 md:col-start-8 md:col-span-5 grid gap-4 md:gap-6\">\n\t\t\t<div class=\"grid gap-4 text-font [&amp;_span]:text-white [&amp;_span]:stroke-color-font\">\n\t\t\t\t  <div class=\"!text-inherit content--wysiwyg\">\n    <h2>Kaufen Sie sozial, <span class=\"text-h2-outline\">zeigen Sie Wirkung!<\/span><\/h2>\n\n  <\/div>\n\t\t\t\t  <div class=\"!text-inherit content--wysiwyg\">\n    <p>Wussten Sie, dass Ihr Besuch im Fun Forest mehr als nur Spa\u00df bringt? Bei uns geht es nicht nur um Spa\u00df, sondern auch um die Schaffung von M\u00f6glichkeiten. Als soziales Unternehmen bieten wir jungen Menschen, die vom Arbeitsmarkt entfernt sind, einen sicheren Lern- und\/oder Arbeitsort. Ihr Besuch tr\u00e4gt direkt zu ihrer Entwicklung bei. Unternehmen k\u00f6nnen mit uns sogar ihre <a href=\"https:\/\/www.funforest.nl\/de\/sroi-pflicht\/\">SROI-Verpflichtung<\/a> erf\u00fcllen. Das macht Ihren Besuch doppelt wertvoll!     <\/p>\n\n  <\/div>\n\t\t\t<\/div>\n\n\t\t\t<div>\n\t\t\t\t\t\t\t\t\t    <a href=\"https:\/\/www.funforest.nl\/de\/ueber-uns\/\" class=\"btn btn-solid\" target=\"_self\">\n                \u00dcber unsere Mission\n    <\/a>\n\t\t\t\t\t\t\t<\/div>\n\n\t\t\t<div class=\"flex flex-wrap gap-4 md:gap-5\">\n\t\t\t\t\t\t\t\t\t    <img loading=\"lazy\" decoding=\"async\" width=\"53\" height=\"52\" src=\"https:\/\/www.funforest.nl\/wp-content\/uploads\/2024\/12\/image-4.png\" class=\"w-[52px] h-[52px] object-cover \" alt=\"SDG 3-icoon: witte hartslaglijn binnen een groen vierkant, titel &#039;Goede gezondheid en welzijn&#039;\" \/>\n\t\t\t\t\t\t\t\t\t    <img loading=\"lazy\" decoding=\"async\" width=\"53\" height=\"52\" src=\"https:\/\/www.funforest.nl\/wp-content\/uploads\/2024\/12\/image-5.png\" class=\"w-[52px] h-[52px] object-cover \" alt=\"SDG 4: een open boek met een pen in een rood vierkant, titel &#039;Kwaliteitsonderwijs&#039;\" \/>\n\t\t\t\t\t\t\t\t\t    <img loading=\"lazy\" decoding=\"async\" width=\"53\" height=\"52\" src=\"https:\/\/www.funforest.nl\/wp-content\/uploads\/2024\/12\/image-6.png\" class=\"w-[52px] h-[52px] object-cover \" alt=\"SDG 8-icoon: witte grafieklijn met een stijgende pijl binnen een rood vierkant, titel &#039;Waardig werk en economische groei&#039;\" \/>\n\t\t\t\t\t\t\t\t\t    <img loading=\"lazy\" decoding=\"async\" width=\"53\" height=\"52\" src=\"https:\/\/www.funforest.nl\/wp-content\/uploads\/2024\/12\/image-7.png\" class=\"w-[52px] h-[52px] object-cover \" alt=\"SDG 10-icoon: twee pijlen wijzen naar elkaar in een roze vierkant, titel \u2018Ongelijkheden verminderen\u2019\" \/>\n\t\t\t\t\t\t\t\t\t    <img loading=\"lazy\" decoding=\"async\" width=\"56\" height=\"54\" src=\"https:\/\/www.funforest.nl\/wp-content\/uploads\/2024\/12\/Mask-group.png\" class=\"w-[52px] h-[52px] object-cover \" alt=\"Social Enterprise\" \/>\n\t\t\t\t\t\t\t<\/div>\n\t\t<\/div>\n\t<\/div>\n<\/section>\n","protected":false},"excerpt":{"rendered":"","protected":false},"author":6,"featured_media":1837,"parent":2906,"menu_order":0,"comment_status":"closed","ping_status":"closed","template":"","meta":{"_acf_changed":false,"footnotes":""},"class_list":["post-2922","page","type-page","status-publish","has-post-thumbnail","hentry"],"acf":[],"yoast_head":"<!-- This site is optimized with the Yoast SEO plugin v27.1.1 - https:\/\/yoast.com\/product\/yoast-seo-wordpress\/ -->\n<title>Teambuilding Amsterdam | Klimbos Fun Forest | Compete!<\/title>\n<meta name=\"description\" content=\"Sagen Sie &#039;Teambuilding in Amsterdam&#039; und Sie sagen Fun Forest! Testen Sie Ihr Denkverm\u00f6gen, Ihre St\u00e4rke und Ihr Selbstvertrauen an einem inspirierenden Ort.\" \/>\n<meta name=\"robots\" content=\"index, follow, max-snippet:-1, max-image-preview:large, max-video-preview:-1\" \/>\n<link rel=\"canonical\" href=\"https:\/\/www.funforest.nl\/de\/amsterdam\/teambuilding-amsterdam\/\" \/>\n<meta property=\"og:locale\" content=\"de_DE\" \/>\n<meta property=\"og:type\" content=\"article\" \/>\n<meta property=\"og:title\" content=\"Teambuilding Amsterdam | Klimbos Fun Forest | Compete!\" \/>\n<meta property=\"og:description\" content=\"Sagen Sie &#039;Teambuilding in Amsterdam&#039; und Sie sagen Fun Forest! Testen Sie Ihr Denkverm\u00f6gen, Ihre St\u00e4rke und Ihr Selbstvertrauen an einem inspirierenden Ort.\" \/>\n<meta property=\"og:url\" content=\"https:\/\/www.funforest.nl\/de\/amsterdam\/teambuilding-amsterdam\/\" \/>\n<meta property=\"og:site_name\" content=\"Fun Forest\" \/>\n<meta property=\"article:modified_time\" content=\"2025-04-15T08:18:45+00:00\" \/>\n<meta property=\"og:image\" content=\"https:\/\/www.funforest.nl\/wp-content\/uploads\/2024\/12\/IMG_4979-scaled.jpg\" \/>\n\t<meta property=\"og:image:width\" content=\"2560\" \/>\n\t<meta property=\"og:image:height\" content=\"1707\" \/>\n\t<meta property=\"og:image:type\" content=\"image\/jpeg\" \/>\n<meta name=\"twitter:card\" content=\"summary_large_image\" \/>\n<script type=\"application\/ld+json\" class=\"yoast-schema-graph\">{\"@context\":\"https:\/\/schema.org\",\"@graph\":[{\"@type\":\"WebPage\",\"@id\":\"https:\/\/www.funforest.nl\/de\/amsterdam\/teambuilding-amsterdam\/\",\"url\":\"https:\/\/www.funforest.nl\/de\/amsterdam\/teambuilding-amsterdam\/\",\"name\":\"Teambuilding Amsterdam | Klimbos Fun Forest | Compete!\",\"isPartOf\":{\"@id\":\"https:\/\/www.funforest.nl\/de\/#website\"},\"primaryImageOfPage\":{\"@id\":\"https:\/\/www.funforest.nl\/de\/amsterdam\/teambuilding-amsterdam\/#primaryimage\"},\"image\":{\"@id\":\"https:\/\/www.funforest.nl\/de\/amsterdam\/teambuilding-amsterdam\/#primaryimage\"},\"thumbnailUrl\":\"https:\/\/www.funforest.nl\/wp-content\/uploads\/2024\/12\/IMG_4979-scaled.jpg\",\"datePublished\":\"2024-12-19T10:52:48+00:00\",\"dateModified\":\"2025-04-15T08:18:45+00:00\",\"description\":\"Sagen Sie 'Teambuilding in Amsterdam' und Sie sagen Fun Forest! Testen Sie Ihr Denkverm\u00f6gen, Ihre St\u00e4rke und Ihr Selbstvertrauen an einem inspirierenden Ort.\",\"breadcrumb\":{\"@id\":\"https:\/\/www.funforest.nl\/de\/amsterdam\/teambuilding-amsterdam\/#breadcrumb\"},\"inLanguage\":\"de\",\"potentialAction\":[{\"@type\":\"ReadAction\",\"target\":[\"https:\/\/www.funforest.nl\/de\/amsterdam\/teambuilding-amsterdam\/\"]}]},{\"@type\":\"ImageObject\",\"inLanguage\":\"de\",\"@id\":\"https:\/\/www.funforest.nl\/de\/amsterdam\/teambuilding-amsterdam\/#primaryimage\",\"url\":\"https:\/\/www.funforest.nl\/wp-content\/uploads\/2024\/12\/IMG_4979-scaled.jpg\",\"contentUrl\":\"https:\/\/www.funforest.nl\/wp-content\/uploads\/2024\/12\/IMG_4979-scaled.jpg\",\"width\":2560,\"height\":1707,\"caption\":\"Mehrere Personen spielen ein Expeditionsspiel mit Schn\u00fcren und St\u00f6cken\"},{\"@type\":\"BreadcrumbList\",\"@id\":\"https:\/\/www.funforest.nl\/de\/amsterdam\/teambuilding-amsterdam\/#breadcrumb\",\"itemListElement\":[{\"@type\":\"ListItem\",\"position\":1,\"name\":\"Home\",\"item\":\"https:\/\/www.funforest.nl\/de\/\"},{\"@type\":\"ListItem\",\"position\":2,\"name\":\"Amsterdam\",\"item\":\"https:\/\/www.funforest.nl\/de\/amsterdam\/\"},{\"@type\":\"ListItem\",\"position\":3,\"name\":\"Teambuilding Amsterdam\"}]},{\"@type\":\"WebSite\",\"@id\":\"https:\/\/www.funforest.nl\/de\/#website\",\"url\":\"https:\/\/www.funforest.nl\/de\/\",\"name\":\"Fun Forest\",\"description\":\"\",\"potentialAction\":[{\"@type\":\"SearchAction\",\"target\":{\"@type\":\"EntryPoint\",\"urlTemplate\":\"https:\/\/www.funforest.nl\/de\/?s={search_term_string}\"},\"query-input\":{\"@type\":\"PropertyValueSpecification\",\"valueRequired\":true,\"valueName\":\"search_term_string\"}}],\"inLanguage\":\"de\"}]}<\/script>\n<!-- \/ Yoast SEO plugin. -->","yoast_head_json":{"title":"Teambuilding Amsterdam | Klimbos Fun Forest | Compete!","description":"Sagen Sie 'Teambuilding in Amsterdam' und Sie sagen Fun Forest! Testen Sie Ihr Denkverm\u00f6gen, Ihre St\u00e4rke und Ihr Selbstvertrauen an einem inspirierenden Ort.","robots":{"index":"index","follow":"follow","max-snippet":"max-snippet:-1","max-image-preview":"max-image-preview:large","max-video-preview":"max-video-preview:-1"},"canonical":"https:\/\/www.funforest.nl\/de\/amsterdam\/teambuilding-amsterdam\/","og_locale":"de_DE","og_type":"article","og_title":"Teambuilding Amsterdam | Klimbos Fun Forest | Compete!","og_description":"Sagen Sie 'Teambuilding in Amsterdam' und Sie sagen Fun Forest! Testen Sie Ihr Denkverm\u00f6gen, Ihre St\u00e4rke und Ihr Selbstvertrauen an einem inspirierenden Ort.","og_url":"https:\/\/www.funforest.nl\/de\/amsterdam\/teambuilding-amsterdam\/","og_site_name":"Fun Forest","article_modified_time":"2025-04-15T08:18:45+00:00","og_image":[{"width":2560,"height":1707,"url":"https:\/\/www.funforest.nl\/wp-content\/uploads\/2024\/12\/IMG_4979-scaled.jpg","type":"image\/jpeg"}],"twitter_card":"summary_large_image","schema":{"@context":"https:\/\/schema.org","@graph":[{"@type":"WebPage","@id":"https:\/\/www.funforest.nl\/de\/amsterdam\/teambuilding-amsterdam\/","url":"https:\/\/www.funforest.nl\/de\/amsterdam\/teambuilding-amsterdam\/","name":"Teambuilding Amsterdam | Klimbos Fun Forest | Compete!","isPartOf":{"@id":"https:\/\/www.funforest.nl\/de\/#website"},"primaryImageOfPage":{"@id":"https:\/\/www.funforest.nl\/de\/amsterdam\/teambuilding-amsterdam\/#primaryimage"},"image":{"@id":"https:\/\/www.funforest.nl\/de\/amsterdam\/teambuilding-amsterdam\/#primaryimage"},"thumbnailUrl":"https:\/\/www.funforest.nl\/wp-content\/uploads\/2024\/12\/IMG_4979-scaled.jpg","datePublished":"2024-12-19T10:52:48+00:00","dateModified":"2025-04-15T08:18:45+00:00","description":"Sagen Sie 'Teambuilding in Amsterdam' und Sie sagen Fun Forest! Testen Sie Ihr Denkverm\u00f6gen, Ihre St\u00e4rke und Ihr Selbstvertrauen an einem inspirierenden Ort.","breadcrumb":{"@id":"https:\/\/www.funforest.nl\/de\/amsterdam\/teambuilding-amsterdam\/#breadcrumb"},"inLanguage":"de","potentialAction":[{"@type":"ReadAction","target":["https:\/\/www.funforest.nl\/de\/amsterdam\/teambuilding-amsterdam\/"]}]},{"@type":"ImageObject","inLanguage":"de","@id":"https:\/\/www.funforest.nl\/de\/amsterdam\/teambuilding-amsterdam\/#primaryimage","url":"https:\/\/www.funforest.nl\/wp-content\/uploads\/2024\/12\/IMG_4979-scaled.jpg","contentUrl":"https:\/\/www.funforest.nl\/wp-content\/uploads\/2024\/12\/IMG_4979-scaled.jpg","width":2560,"height":1707,"caption":"Mehrere Personen spielen ein Expeditionsspiel mit Schn\u00fcren und St\u00f6cken"},{"@type":"BreadcrumbList","@id":"https:\/\/www.funforest.nl\/de\/amsterdam\/teambuilding-amsterdam\/#breadcrumb","itemListElement":[{"@type":"ListItem","position":1,"name":"Home","item":"https:\/\/www.funforest.nl\/de\/"},{"@type":"ListItem","position":2,"name":"Amsterdam","item":"https:\/\/www.funforest.nl\/de\/amsterdam\/"},{"@type":"ListItem","position":3,"name":"Teambuilding Amsterdam"}]},{"@type":"WebSite","@id":"https:\/\/www.funforest.nl\/de\/#website","url":"https:\/\/www.funforest.nl\/de\/","name":"Fun Forest","description":"","potentialAction":[{"@type":"SearchAction","target":{"@type":"EntryPoint","urlTemplate":"https:\/\/www.funforest.nl\/de\/?s={search_term_string}"},"query-input":{"@type":"PropertyValueSpecification","valueRequired":true,"valueName":"search_term_string"}}],"inLanguage":"de"}]}},"_links":{"self":[{"href":"https:\/\/www.funforest.nl\/de\/wp-json\/wp\/v2\/pages\/2922","targetHints":{"allow":["GET"]}}],"collection":[{"href":"https:\/\/www.funforest.nl\/de\/wp-json\/wp\/v2\/pages"}],"about":[{"href":"https:\/\/www.funforest.nl\/de\/wp-json\/wp\/v2\/types\/page"}],"author":[{"embeddable":true,"href":"https:\/\/www.funforest.nl\/de\/wp-json\/wp\/v2\/users\/6"}],"replies":[{"embeddable":true,"href":"https:\/\/www.funforest.nl\/de\/wp-json\/wp\/v2\/comments?post=2922"}],"version-history":[{"count":0,"href":"https:\/\/www.funforest.nl\/de\/wp-json\/wp\/v2\/pages\/2922\/revisions"}],"up":[{"embeddable":true,"href":"https:\/\/www.funforest.nl\/de\/wp-json\/wp\/v2\/pages\/2906"}],"wp:featuredmedia":[{"embeddable":true,"href":"https:\/\/www.funforest.nl\/de\/wp-json\/wp\/v2\/media\/1837"}],"wp:attachment":[{"href":"https:\/\/www.funforest.nl\/de\/wp-json\/wp\/v2\/media?parent=2922"}],"curies":[{"name":"wp","href":"https:\/\/api.w.org\/{rel}","templated":true}]}}