{"id":2697,"date":"2024-12-21T10:03:13","date_gmt":"2024-12-21T09:03:13","guid":{"rendered":"https:\/\/www.funforest.nl\/urlaubspass\/"},"modified":"2025-12-10T10:10:01","modified_gmt":"2025-12-10T09:10:01","slug":"urlaubspass","status":"publish","type":"page","link":"https:\/\/www.funforest.nl\/de\/urlaubspass\/","title":{"rendered":"Urlaubspass"},"content":{"rendered":"\n<section id=\"\" class=\" bg-secondary-dark\" style=\"padding-top:var(--wp--preset--spacing--80); padding-bottom:0; color: var(--wp--preset--color--font); \">\n\t<div class=\"container grid grid-cols-12 gap-y-6 md:gap-y-10 gap-x-6 text-white [&amp;_span]:text-secondary-dark [&amp;_span]:stroke-color-white\">\n\t\t\t\t\t\t\t\t\t<div class=\"content content--small   \">\n                          <div class=\"!text-inherit content--wysiwyg\">\n    <h1>Urlaubspass<\/h1>\n<p><strong>Klettern Sie mit Ihrem Holiday Passport und erhalten Sie 50% Rabatt im Fun Forest!<\/strong><br \/>\nM\u00f6chten Sie von einem tollen Rabatt profitieren? Folgen Sie den nachstehenden Schritten, um Ihre Tickets zu buchen, und bringen Sie am Tag Ihres Abenteuers Ihren Holiday Passport zum Fun Forest Rotterdam mit! <\/p>\n<p>&nbsp;<\/p>\n\n  <\/div>\n    <\/div>\n\t\t\t\t\t\t<\/div>\n<\/section>\n<section class=\"overflow-hidden md:w-full [&#038;_svg]:w-[768px] [&#038;_svg]:md:w-full -mt-[1px] [&amp;_path]:fill-secondary-dark scale-y-100 mt-[-1px] scale-x-100\">\n\t<svg viewbox=\"0 0 1440 75\" xmlns=\"http:\/\/www.w3.org\/2000\/svg\">\n\t<path d=\"M1434.5 65.3392L1430.49 60.6803C1430.49 60.6803 1420.49 56.0224 1410.48 56.0224C1400.47 56.0224 1385.46 56.6052 1381.46 56.6052C1377.46 56.6052 1370.45 57.188 1362.45 57.188C1354.44 57.188 1365.45 61.2642 1365.45 61.2642L1378.46 61.8459L1434.5 65.3392ZM1440 0.000244148L1440 68.8316L1341.43 64.1737L1276.24 67.3038C1276.24 67.3038 1205.96 62.1942 1181.32 68.8315C1156.68 75.4699 1062.13 68.8315 1062.13 68.8315L1033.22 74.5004L952.163 66.5025L865.101 68.8315C865.101 68.8315 833.791 63.0869 820.071 66.5025C806.351 69.9192 790.155 68.6833 777.04 66.5025C742.016 60.6802 684.977 71.1615 684.977 71.1615C684.977 71.1615 647.348 71.1444 571.899 69.9959L579.226 66.6144L607.071 65.3156C607.071 65.3156 594.328 58.152 556.962 61.6326C533.179 63.8476 513.302 66.9094 501.985 68.8452C459.166 68.1303 423.185 67.3153 413.789 66.5024C386.912 64.1724 342.465 79.3116 334.596 72.9076C326.727 66.5025 266.686 74.5003 266.686 74.5003L155.608 65.3379L99.9867 71.6078C99.9867 71.6078 90.3054 70.1801 84.9305 72.3407C79.5556 74.5003 67.5465 68.8313 67.5465 68.8313L40.5281 74.5003L2.78484e-07 72.9075L4.84322e-05 -7.62939e-06L1440 0.000244148Z\"\/>\n<\/svg>\n<\/section>\n\n<section id=\"\" class=\"  relative\" style=\"padding-top:var(--wp--preset--spacing--120); padding-bottom:var(--wp--preset--spacing--40); color: var(--wp--preset--color--font); \">\n\t<div class=\"container\">\n\t\t<div class=\"grid md:grid-cols-12 gap-6 z-10 relative items-center\">\n\t\t\t<div class=\"md:col-span-6\">\n\t\t\t\t\t\t\t\t\t\t    <img loading=\"lazy\" decoding=\"async\" width=\"1024\" height=\"683\" src=\"https:\/\/www.funforest.nl\/wp-content\/uploads\/2024\/12\/Fun-Forest-Rotterdam-\u00a9-OneFit-4-1024x683.jpg\" class=\"object-cover w-full h-full rounded-lg aspect-4\/3 object-cover\" alt=\"Eingang des Fun Forest Rotterdam\" srcset=\"https:\/\/www.funforest.nl\/wp-content\/uploads\/2024\/12\/Fun-Forest-Rotterdam-\u00a9-OneFit-4-1024x683.jpg 1024w, https:\/\/www.funforest.nl\/wp-content\/uploads\/2024\/12\/Fun-Forest-Rotterdam-\u00a9-OneFit-4-300x200.jpg 300w, https:\/\/www.funforest.nl\/wp-content\/uploads\/2024\/12\/Fun-Forest-Rotterdam-\u00a9-OneFit-4-768x512.jpg 768w, https:\/\/www.funforest.nl\/wp-content\/uploads\/2024\/12\/Fun-Forest-Rotterdam-\u00a9-OneFit-4-1536x1024.jpg 1536w, https:\/\/www.funforest.nl\/wp-content\/uploads\/2024\/12\/Fun-Forest-Rotterdam-\u00a9-OneFit-4-2048x1365.jpg 2048w, https:\/\/www.funforest.nl\/wp-content\/uploads\/2024\/12\/Fun-Forest-Rotterdam-\u00a9-OneFit-4-1215x810.jpg 1215w\" sizes=\"auto, (max-width: 1024px) 100vw, 1024px\" \/>\n  <div class=\"content    text-font [&amp;_span]:text-white [&amp;_span]:stroke-color-font\">\n                            <\/div>\n\t\t\t\t\t\t\t<\/div>\n\t\t\t<div class=\"md:col-span-5 md:col-start-8\">\n\t\t\t\t\t\t\t\t\t  <div class=\"content    text-font [&amp;_span]:text-white [&amp;_span]:stroke-color-font\">\n                    <h2 class=\"!text-inherit\">Urlaubspass-Aktion<\/h2>\n          <div class=\"!text-inherit mb-6 content--wysiwyg\">\n    <p><strong>F\u00fcr wen ist die Aktion g\u00fcltig?<br \/>\n<\/strong>Sie erhalten 50% Erm\u00e4\u00dfigung auf den Kartenpreis, wenn Sie einen pers\u00f6nlichen und g\u00fcltigen Holiday Passport besitzen. Denken Sie daran, Ihren Holiday Passport mitzubringen und an der Abendkasse vorzuzeigen. Der Pass ist personengebunden. Wenn Sie also mit anderen Personen kommen, die keinen Holiday Pass haben, m\u00fcssen diese die Karten zum regul\u00e4ren Preis kaufen.  <\/p>\n<p><strong>Haben Sie allgemeine Fragen zu Ihrem Holiday Passport?<\/strong><br \/>\nKontaktieren Sie Holiday Passport unter der Telefonnummer <a href=\"tel:14%20010\">14 010<\/a> oder per E-Mail an <a href=\"mailto:info@jeugdvakantiepaspoort.nl\">info@vakantiepaspoort.nl.<\/a><\/p>\n\n  <\/div>\n    <\/div>\n\t\t\t\t\t\t\t<\/div>\n\t\t<\/div>\n\t<\/div>\n\t<\/section>\n<section class=\"overflow-hidden md:w-full [&#038;_svg]:w-[768px] [&#038;_svg]:md:w-full -mt-[1px] [&amp;_path]:fill-secondary-dark -scale-y-100 mb-[-1px] -scale-x-100\">\n\t<svg viewbox=\"0 0 1440 75\" xmlns=\"http:\/\/www.w3.org\/2000\/svg\">\n\t<path d=\"M1434.5 65.3392L1430.49 60.6803C1430.49 60.6803 1420.49 56.0224 1410.48 56.0224C1400.47 56.0224 1385.46 56.6052 1381.46 56.6052C1377.46 56.6052 1370.45 57.188 1362.45 57.188C1354.44 57.188 1365.45 61.2642 1365.45 61.2642L1378.46 61.8459L1434.5 65.3392ZM1440 0.000244148L1440 68.8316L1341.43 64.1737L1276.24 67.3038C1276.24 67.3038 1205.96 62.1942 1181.32 68.8315C1156.68 75.4699 1062.13 68.8315 1062.13 68.8315L1033.22 74.5004L952.163 66.5025L865.101 68.8315C865.101 68.8315 833.791 63.0869 820.071 66.5025C806.351 69.9192 790.155 68.6833 777.04 66.5025C742.016 60.6802 684.977 71.1615 684.977 71.1615C684.977 71.1615 647.348 71.1444 571.899 69.9959L579.226 66.6144L607.071 65.3156C607.071 65.3156 594.328 58.152 556.962 61.6326C533.179 63.8476 513.302 66.9094 501.985 68.8452C459.166 68.1303 423.185 67.3153 413.789 66.5024C386.912 64.1724 342.465 79.3116 334.596 72.9076C326.727 66.5025 266.686 74.5003 266.686 74.5003L155.608 65.3379L99.9867 71.6078C99.9867 71.6078 90.3054 70.1801 84.9305 72.3407C79.5556 74.5003 67.5465 68.8313 67.5465 68.8313L40.5281 74.5003L2.78484e-07 72.9075L4.84322e-05 -7.62939e-06L1440 0.000244148Z\"\/>\n<\/svg>\n<\/section>\n\n<section id=\"boeken\" class=\" bg-secondary-dark\" style=\"padding-top:var(--wp--preset--spacing--80); padding-bottom:var(--wp--preset--spacing--80); color: var(--wp--preset--color--font); \">\n\t<div class=\"container grid grid-cols-12 gap-y-6 md:gap-y-10 gap-x-6 text-white [&amp;_span]:text-secondary-dark [&amp;_span]:stroke-color-white\">\n\t\t\t\t\t\t\t\t\t<div class=\"content content--small   \">\n                    <h2 class=\"!text-inherit\">Buchen Sie Ihr Kletterabenteuer mit Ihrem Holiday Passport hier!<\/h2>\n          <div class=\"!text-inherit content--wysiwyg\">\n    \n            <section\n                class=\"bookprocess\" \n                data-id=\"148\" \n                data-url=\"https:\/\/funforest.recras.nl\"\n                 data-first-widget-value=\"337\"\n            ><\/section>\n        <style>.bookprocess[data-id=\"148\"] .has-initial-value { display: none; }<\/style>\n\n  <\/div>\n    <\/div>\n\t\t\t\t\t\t<\/div>\n<\/section>\n<section class=\"overflow-hidden md:w-full [&#038;_svg]:w-[768px] [&#038;_svg]:md:w-full -mt-[1px] [&amp;_path]:fill-secondary-dark  \">\n\t<svg viewbox=\"0 0 1440 75\" xmlns=\"http:\/\/www.w3.org\/2000\/svg\">\n\t<path d=\"M1434.5 65.3392L1430.49 60.6803C1430.49 60.6803 1420.49 56.0224 1410.48 56.0224C1400.47 56.0224 1385.46 56.6052 1381.46 56.6052C1377.46 56.6052 1370.45 57.188 1362.45 57.188C1354.44 57.188 1365.45 61.2642 1365.45 61.2642L1378.46 61.8459L1434.5 65.3392ZM1440 0.000244148L1440 68.8316L1341.43 64.1737L1276.24 67.3038C1276.24 67.3038 1205.96 62.1942 1181.32 68.8315C1156.68 75.4699 1062.13 68.8315 1062.13 68.8315L1033.22 74.5004L952.163 66.5025L865.101 68.8315C865.101 68.8315 833.791 63.0869 820.071 66.5025C806.351 69.9192 790.155 68.6833 777.04 66.5025C742.016 60.6802 684.977 71.1615 684.977 71.1615C684.977 71.1615 647.348 71.1444 571.899 69.9959L579.226 66.6144L607.071 65.3156C607.071 65.3156 594.328 58.152 556.962 61.6326C533.179 63.8476 513.302 66.9094 501.985 68.8452C459.166 68.1303 423.185 67.3153 413.789 66.5024C386.912 64.1724 342.465 79.3116 334.596 72.9076C326.727 66.5025 266.686 74.5003 266.686 74.5003L155.608 65.3379L99.9867 71.6078C99.9867 71.6078 90.3054 70.1801 84.9305 72.3407C79.5556 74.5003 67.5465 68.8313 67.5465 68.8313L40.5281 74.5003L2.78484e-07 72.9075L4.84322e-05 -7.62939e-06L1440 0.000244148Z\"\/>\n<\/svg>\n<\/section>\n\n<section id=\"\" class=\" \" style=\"padding-top:var(--wp--preset--spacing--80); padding-bottom:var(--wp--preset--spacing--80);  \">\n\t<div class=\"full-container relative md:overflow-hidden\">\n\t\t<div class=\"container\">\n\t\t\t<div class=\"grid gap-4 md:gap-6 md:grid-cols-12\">\n\t\t\t\t<div class=\"col-span-12 md:col-span-8 lg:col-span-5 xl:col-span-4 mb-4 lg:mb-0 text-font [&amp;_span]:text-white [&amp;_span]:stroke-color-font\">\n\t\t\t\t\t<div class=\"content    \">\n                    <h2 class=\"!text-inherit\">Das wird im Fun Forest gespielt<\/h2>\n          <div class=\"mb-6 !text-inherit content--wysiwyg\">\n    <p>Sind Sie neugierig, was in unserem Wald passiert? Hier finden Sie weitere Informationen \u00fcber unsere Aktionen, Veranstaltungen und andere unterhaltsame Informationen wie Interviews mit unseren Mitarbeitern. <\/p>\n\n  <\/div>\n        <div class=\"flex flex-wrap gap-4 md:gap-6\">\n                                        <a href=\"https:\/\/funforest.nl\/nieuws\" class=\"btn btn-solid\" target=\"_self\">\n                Alle Beitr\u00e4ge anzeigen\n    <\/a>\n                        <\/div>\n\n<\/div>\n\t\t\t\t<\/div>\n\t\t\t\t<div class=\"col-span-12 md:col-span-10 xl:col-span-8 max-w-[calc(100vw-32px)]\">\n\t\t\t\t\t    \n<div class=\"slider after:md:content-[''] after:absolute after:-right-[90vw] after:top-0 after:bg-sliderClip after:w-[100vw] after:h-full after:z-10 after:md:block after:hidden\" data-swiper=\"{&quot;loop&quot;:false}\">\n    <div class=\"swiper swiper--visible md:clip-slider-right\">\n        <div class=\"swiper-wrapper\">\n                    <\/div>\n        <div class=\"swiper-nav absolute w-full z-50 flex flex-row justify-between ps-2 pe-2 md:ps-1 md:pe-1\">\n          <div class=\"swiper-button-prev\"><\/div>\n          <div class=\"swiper-button-next\"><\/div>\n        <\/div>\n    <\/div>\n    <div class=\"flex flex-wrap gap-4 justify-center items-center relative z-10 mt-8\">\n            <div class=\"swiper-pagination\"><\/div>\n    <\/div>\n<\/div>\n\t\t\t\t<\/div>\n\t\t\t<\/div>\n\t\t<\/div>\n\t<\/div>\n<\/section>\n","protected":false},"excerpt":{"rendered":"","protected":false},"author":6,"featured_media":1589,"parent":0,"menu_order":0,"comment_status":"closed","ping_status":"closed","template":"","meta":{"_acf_changed":true,"footnotes":""},"class_list":["post-2697","page","type-page","status-publish","has-post-thumbnail","hentry"],"acf":[],"yoast_head":"<!-- This site is optimized with the Yoast SEO plugin v27.1.1 - https:\/\/yoast.com\/product\/yoast-seo-wordpress\/ -->\n<title>Urlaubspass Rotterdam | Fun Forest | Werden Sie mit uns klettern?<\/title>\n<meta name=\"description\" content=\"Haben Sie einen Urlaubspass? Dann klettern Sie mit 50% Rabatt im Fun Forest Rotterdam! Buchen Sie Ihre Tickets schnell \u00fcber diese Seite.\" \/>\n<meta name=\"robots\" content=\"index, follow, max-snippet:-1, max-image-preview:large, max-video-preview:-1\" \/>\n<link rel=\"canonical\" href=\"https:\/\/www.funforest.nl\/de\/urlaubspass\/\" \/>\n<meta property=\"og:locale\" content=\"de_DE\" \/>\n<meta property=\"og:type\" content=\"article\" \/>\n<meta property=\"og:title\" content=\"Urlaubspass Rotterdam | Fun Forest | Werden Sie mit uns klettern?\" \/>\n<meta property=\"og:description\" content=\"Haben Sie einen Urlaubspass? Dann klettern Sie mit 50% Rabatt im Fun Forest Rotterdam! Buchen Sie Ihre Tickets schnell \u00fcber diese Seite.\" \/>\n<meta property=\"og:url\" content=\"https:\/\/www.funforest.nl\/de\/urlaubspass\/\" \/>\n<meta property=\"og:site_name\" content=\"Fun Forest\" \/>\n<meta property=\"article:modified_time\" content=\"2025-12-10T09:10:01+00:00\" \/>\n<meta property=\"og:image\" content=\"https:\/\/www.funforest.nl\/wp-content\/uploads\/2024\/12\/Fun-Forest-Rotterdam-\u00a9-OneFit-4-scaled.jpg\" \/>\n\t<meta property=\"og:image:width\" content=\"2560\" \/>\n\t<meta property=\"og:image:height\" content=\"1707\" \/>\n\t<meta property=\"og:image:type\" content=\"image\/jpeg\" \/>\n<meta name=\"twitter:card\" content=\"summary_large_image\" \/>\n<meta name=\"twitter:label1\" content=\"Est. reading time\" \/>\n\t<meta name=\"twitter:data1\" content=\"1 Minute\" \/>\n<script type=\"application\/ld+json\" class=\"yoast-schema-graph\">{\"@context\":\"https:\/\/schema.org\",\"@graph\":[{\"@type\":\"WebPage\",\"@id\":\"https:\/\/www.funforest.nl\/de\/urlaubspass\/\",\"url\":\"https:\/\/www.funforest.nl\/de\/urlaubspass\/\",\"name\":\"Urlaubspass Rotterdam | Fun Forest | Werden Sie mit uns klettern?\",\"isPartOf\":{\"@id\":\"https:\/\/www.funforest.nl\/de\/#website\"},\"primaryImageOfPage\":{\"@id\":\"https:\/\/www.funforest.nl\/de\/urlaubspass\/#primaryimage\"},\"image\":{\"@id\":\"https:\/\/www.funforest.nl\/de\/urlaubspass\/#primaryimage\"},\"thumbnailUrl\":\"https:\/\/www.funforest.nl\/wp-content\/uploads\/2024\/12\/Fun-Forest-Rotterdam-\u00a9-OneFit-4-scaled.jpg\",\"datePublished\":\"2024-12-21T09:03:13+00:00\",\"dateModified\":\"2025-12-10T09:10:01+00:00\",\"description\":\"Haben Sie einen Urlaubspass? Dann klettern Sie mit 50% Rabatt im Fun Forest Rotterdam! Buchen Sie Ihre Tickets schnell \u00fcber diese Seite.\",\"breadcrumb\":{\"@id\":\"https:\/\/www.funforest.nl\/de\/urlaubspass\/#breadcrumb\"},\"inLanguage\":\"de\",\"potentialAction\":[{\"@type\":\"ReadAction\",\"target\":[\"https:\/\/www.funforest.nl\/de\/urlaubspass\/\"]}]},{\"@type\":\"ImageObject\",\"inLanguage\":\"de\",\"@id\":\"https:\/\/www.funforest.nl\/de\/urlaubspass\/#primaryimage\",\"url\":\"https:\/\/www.funforest.nl\/wp-content\/uploads\/2024\/12\/Fun-Forest-Rotterdam-\u00a9-OneFit-4-scaled.jpg\",\"contentUrl\":\"https:\/\/www.funforest.nl\/wp-content\/uploads\/2024\/12\/Fun-Forest-Rotterdam-\u00a9-OneFit-4-scaled.jpg\",\"width\":2560,\"height\":1707,\"caption\":\"Eingang des Fun Forest Rotterdam\"},{\"@type\":\"BreadcrumbList\",\"@id\":\"https:\/\/www.funforest.nl\/de\/urlaubspass\/#breadcrumb\",\"itemListElement\":[{\"@type\":\"ListItem\",\"position\":1,\"name\":\"Home\",\"item\":\"https:\/\/www.funforest.nl\/de\/\"},{\"@type\":\"ListItem\",\"position\":2,\"name\":\"Urlaubspass\"}]},{\"@type\":\"WebSite\",\"@id\":\"https:\/\/www.funforest.nl\/de\/#website\",\"url\":\"https:\/\/www.funforest.nl\/de\/\",\"name\":\"Fun Forest\",\"description\":\"\",\"potentialAction\":[{\"@type\":\"SearchAction\",\"target\":{\"@type\":\"EntryPoint\",\"urlTemplate\":\"https:\/\/www.funforest.nl\/de\/?s={search_term_string}\"},\"query-input\":{\"@type\":\"PropertyValueSpecification\",\"valueRequired\":true,\"valueName\":\"search_term_string\"}}],\"inLanguage\":\"de\"}]}<\/script>\n<!-- \/ Yoast SEO plugin. -->","yoast_head_json":{"title":"Urlaubspass Rotterdam | Fun Forest | Werden Sie mit uns klettern?","description":"Haben Sie einen Urlaubspass? Dann klettern Sie mit 50% Rabatt im Fun Forest Rotterdam! Buchen Sie Ihre Tickets schnell \u00fcber diese Seite.","robots":{"index":"index","follow":"follow","max-snippet":"max-snippet:-1","max-image-preview":"max-image-preview:large","max-video-preview":"max-video-preview:-1"},"canonical":"https:\/\/www.funforest.nl\/de\/urlaubspass\/","og_locale":"de_DE","og_type":"article","og_title":"Urlaubspass Rotterdam | Fun Forest | Werden Sie mit uns klettern?","og_description":"Haben Sie einen Urlaubspass? Dann klettern Sie mit 50% Rabatt im Fun Forest Rotterdam! Buchen Sie Ihre Tickets schnell \u00fcber diese Seite.","og_url":"https:\/\/www.funforest.nl\/de\/urlaubspass\/","og_site_name":"Fun Forest","article_modified_time":"2025-12-10T09:10:01+00:00","og_image":[{"width":2560,"height":1707,"url":"https:\/\/www.funforest.nl\/wp-content\/uploads\/2024\/12\/Fun-Forest-Rotterdam-\u00a9-OneFit-4-scaled.jpg","type":"image\/jpeg"}],"twitter_card":"summary_large_image","twitter_misc":{"Est. reading time":"1 Minute"},"schema":{"@context":"https:\/\/schema.org","@graph":[{"@type":"WebPage","@id":"https:\/\/www.funforest.nl\/de\/urlaubspass\/","url":"https:\/\/www.funforest.nl\/de\/urlaubspass\/","name":"Urlaubspass Rotterdam | Fun Forest | Werden Sie mit uns klettern?","isPartOf":{"@id":"https:\/\/www.funforest.nl\/de\/#website"},"primaryImageOfPage":{"@id":"https:\/\/www.funforest.nl\/de\/urlaubspass\/#primaryimage"},"image":{"@id":"https:\/\/www.funforest.nl\/de\/urlaubspass\/#primaryimage"},"thumbnailUrl":"https:\/\/www.funforest.nl\/wp-content\/uploads\/2024\/12\/Fun-Forest-Rotterdam-\u00a9-OneFit-4-scaled.jpg","datePublished":"2024-12-21T09:03:13+00:00","dateModified":"2025-12-10T09:10:01+00:00","description":"Haben Sie einen Urlaubspass? Dann klettern Sie mit 50% Rabatt im Fun Forest Rotterdam! Buchen Sie Ihre Tickets schnell \u00fcber diese Seite.","breadcrumb":{"@id":"https:\/\/www.funforest.nl\/de\/urlaubspass\/#breadcrumb"},"inLanguage":"de","potentialAction":[{"@type":"ReadAction","target":["https:\/\/www.funforest.nl\/de\/urlaubspass\/"]}]},{"@type":"ImageObject","inLanguage":"de","@id":"https:\/\/www.funforest.nl\/de\/urlaubspass\/#primaryimage","url":"https:\/\/www.funforest.nl\/wp-content\/uploads\/2024\/12\/Fun-Forest-Rotterdam-\u00a9-OneFit-4-scaled.jpg","contentUrl":"https:\/\/www.funforest.nl\/wp-content\/uploads\/2024\/12\/Fun-Forest-Rotterdam-\u00a9-OneFit-4-scaled.jpg","width":2560,"height":1707,"caption":"Eingang des Fun Forest Rotterdam"},{"@type":"BreadcrumbList","@id":"https:\/\/www.funforest.nl\/de\/urlaubspass\/#breadcrumb","itemListElement":[{"@type":"ListItem","position":1,"name":"Home","item":"https:\/\/www.funforest.nl\/de\/"},{"@type":"ListItem","position":2,"name":"Urlaubspass"}]},{"@type":"WebSite","@id":"https:\/\/www.funforest.nl\/de\/#website","url":"https:\/\/www.funforest.nl\/de\/","name":"Fun Forest","description":"","potentialAction":[{"@type":"SearchAction","target":{"@type":"EntryPoint","urlTemplate":"https:\/\/www.funforest.nl\/de\/?s={search_term_string}"},"query-input":{"@type":"PropertyValueSpecification","valueRequired":true,"valueName":"search_term_string"}}],"inLanguage":"de"}]}},"_links":{"self":[{"href":"https:\/\/www.funforest.nl\/de\/wp-json\/wp\/v2\/pages\/2697","targetHints":{"allow":["GET"]}}],"collection":[{"href":"https:\/\/www.funforest.nl\/de\/wp-json\/wp\/v2\/pages"}],"about":[{"href":"https:\/\/www.funforest.nl\/de\/wp-json\/wp\/v2\/types\/page"}],"author":[{"embeddable":true,"href":"https:\/\/www.funforest.nl\/de\/wp-json\/wp\/v2\/users\/6"}],"replies":[{"embeddable":true,"href":"https:\/\/www.funforest.nl\/de\/wp-json\/wp\/v2\/comments?post=2697"}],"version-history":[{"count":0,"href":"https:\/\/www.funforest.nl\/de\/wp-json\/wp\/v2\/pages\/2697\/revisions"}],"wp:featuredmedia":[{"embeddable":true,"href":"https:\/\/www.funforest.nl\/de\/wp-json\/wp\/v2\/media\/1589"}],"wp:attachment":[{"href":"https:\/\/www.funforest.nl\/de\/wp-json\/wp\/v2\/media?parent=2697"}],"curies":[{"name":"wp","href":"https:\/\/api.w.org\/{rel}","templated":true}]}}